{"id":1075,"date":"2021-09-20T13:59:59","date_gmt":"2021-09-20T13:59:59","guid":{"rendered":"https:\/\/v2.huskyvoice.com\/our-dogs\/"},"modified":"2025-09-03T10:41:54","modified_gmt":"2025-09-03T10:41:54","slug":"nos-huskies","status":"publish","type":"page","link":"https:\/\/www.huskyvoice.com\/fr\/nos-huskies\/","title":{"rendered":"D\u00e9couvrez nos huskies"},"content":{"rendered":"<p><strong>J&rsquo;ai un chenil de 18 huskies.<\/strong><\/p>\n<p class=\"description\">Les chiens font partie de ma famille. Mes chiens \u00ab retrait\u00e9s \u00bb re\u00e7oivent autant de soins que mes chiens \u00ab travailleurs \u00bb et ont une place dans notre foyer jusqu&rsquo;\u00e0 la fin de leur vie. Nous ne sommes pas une ferme de huskys, nous sommes un foyer avec des huskys !<\/p>\n<div class=\"our-dogs-list\">\n<div class=\"row type-box2 item-per-row-4\">\n<div class=\"col-md-3 col-sm-4 col-xs-6\">\n<div class=\"tour-single style3\">\n<figure><a href=\"https:\/\/www.huskyvoice.com\/wp-content\/uploads\/2021\/09\/husky-voice-dogs-07-sofie-1.jpg\" target=\"_blank\" rel=\"noopener\"><img loading=\"lazy\" decoding=\"async\" class=\"img-responsive wp-post-image\" src=\"https:\/\/www.huskyvoice.com\/wp-content\/uploads\/2021\/09\/husky-voice-dogs-thumbnail-07-sofie.jpg\" alt=\"\" width=\"720\" height=\"500\" \/><\/a><\/figure>\n<div class=\"tour-details\">\n<h3>Sofie<\/h3>\n<p class=\"tour-desc\">Sofie n&rsquo;a pas un pelage \u00e9pais et vit \u00e0 l&rsquo;int\u00e9rieur de la maison la majeure partie de l&rsquo;hiver. Elle trouve toujours une place sur le canap\u00e9.<\/p>\n<\/div>\n<\/div>\n<\/div>\n<div class=\"col-md-3 col-sm-4 col-xs-6\">\n<div class=\"tour-single style3\">\n<figure><a href=\"https:\/\/www.huskyvoice.com\/wp-content\/uploads\/2021\/09\/husky-voice-dogs-08-ipi-1.jpg\" target=\"_blank\" rel=\"noopener\"><img loading=\"lazy\" decoding=\"async\" class=\"img-responsive wp-post-image\" src=\"https:\/\/www.huskyvoice.com\/wp-content\/uploads\/2021\/09\/husky-voice-dogs-thumbnail-08-ibi.jpg\" alt=\"\" width=\"720\" height=\"500\" \/><\/a><\/figure>\n<div class=\"tour-details\">\n<h3>Ipi<\/h3>\n<p class=\"tour-desc\">Ipi est un chien timide mais adore les c\u00e2lins une fois qu&rsquo;il vous conna\u00eet.<\/p>\n<\/div>\n<\/div>\n<\/div>\n<div class=\"col-md-3 col-sm-4 col-xs-6\">\n<div class=\"tour-single style3\">\n<figure><a href=\"https:\/\/www.huskyvoice.com\/wp-content\/uploads\/2021\/09\/husky-voice-dogs-10-belle-1.jpg\" target=\"_blank\" rel=\"noopener\"><img loading=\"lazy\" decoding=\"async\" class=\"img-responsive wp-post-image\" src=\"https:\/\/www.huskyvoice.com\/wp-content\/uploads\/2021\/09\/husky-voice-dogs-thumbnail-10-belle.jpg\" alt=\"\" width=\"720\" height=\"500\" \/><\/a><\/figure>\n<div class=\"tour-details\">\n<h3>Belle<\/h3>\n<p class=\"tour-desc\">Belle est une chienne calme. Si vous commencez \u00e0 la caresser, elle ne vous laissera pas partir en r\u00e9clamant encore plus avec sa patte avant.<\/p>\n<\/div>\n<\/div>\n<\/div>\n<div class=\"col-md-3 col-sm-4 col-xs-6\">\n<div class=\"tour-single style3\">\n<figure><a href=\"https:\/\/www.huskyvoice.com\/wp-content\/uploads\/2021\/09\/husky-voice-dogs-11-fonzie-1.jpg\" target=\"_blank\" rel=\"noopener\"><img loading=\"lazy\" decoding=\"async\" class=\"img-responsive wp-post-image\" src=\"https:\/\/www.huskyvoice.com\/wp-content\/uploads\/2021\/09\/husky-voice-dogs-thumbnail-11-fonzie.jpg\" alt=\"\" width=\"720\" height=\"500\" \/><\/a><\/figure>\n<div class=\"tour-details\">\n<h3>Fonzie<\/h3>\n<p class=\"tour-desc\">Fonzie doit son nom au personnage de la s\u00e9rie t\u00e9l\u00e9vis\u00e9e des ann\u00e9es 70 \u00ab Happy Days \u00bb. Il est aussi \u00ab cool \u00bb que le personnage.<\/p>\n<\/div>\n<\/div>\n<\/div>\n<div class=\"col-md-3 col-sm-4 col-xs-6\">\n<div class=\"tour-single style3\">\n<figure><a href=\"https:\/\/www.huskyvoice.com\/wp-content\/uploads\/2021\/09\/husky-voice-dogs-12-bianca-1.jpg\" target=\"_blank\" rel=\"noopener\"><img loading=\"lazy\" decoding=\"async\" class=\"img-responsive wp-post-image\" src=\"https:\/\/www.huskyvoice.com\/wp-content\/uploads\/2021\/09\/husky-voice-dogs-thumbnail-12-bianca.jpg\" alt=\"\" width=\"720\" height=\"500\" \/><\/a><\/figure>\n<div class=\"tour-details\">\n<h3>Bianca<\/h3>\n<p class=\"tour-desc\">Bianca est une chienne timide mais tr\u00e8s intelligente. Elle est devenue ma chienne de t\u00eate.<\/p>\n<\/div>\n<\/div>\n<\/div>\n<div class=\"col-md-3 col-sm-4 col-xs-6\">\n<div class=\"tour-single style3\">\n<figure><a href=\"https:\/\/www.huskyvoice.com\/wp-content\/uploads\/2021\/09\/husky-voice-dogs-13-steffie-1.jpg\" target=\"_blank\" rel=\"noopener\"><img loading=\"lazy\" decoding=\"async\" class=\"img-responsive wp-post-image\" src=\"https:\/\/www.huskyvoice.com\/wp-content\/uploads\/2021\/09\/husky-voice-dogs-thumbnail-13-steffie.jpg\" alt=\"\" width=\"720\" height=\"500\" \/><\/a><\/figure>\n<div class=\"tour-details\">\n<h3>Steffie<\/h3>\n<p class=\"tour-desc\">Steffie est presque le portrait crach\u00e9 de sa m\u00e8re, Eva, et elle en a le temp\u00e9rament !<\/p>\n<\/div>\n<\/div>\n<\/div>\n<div class=\"col-md-3 col-sm-4 col-xs-6\">\n<div class=\"tour-single style3\">\n<figure><a href=\"https:\/\/www.huskyvoice.com\/wp-content\/uploads\/2021\/09\/husky-voice-dogs-14-freja-1.jpg\" target=\"_blank\" rel=\"noopener\"><img loading=\"lazy\" decoding=\"async\" class=\"img-responsive wp-post-image\" src=\"https:\/\/www.huskyvoice.com\/wp-content\/uploads\/2021\/09\/husky-voice-dogs-thumbnail-14-freja.jpg\" alt=\"\" width=\"720\" height=\"500\" \/><\/a><\/figure>\n<div class=\"tour-details\">\n<h3>Freja<\/h3>\n<p class=\"tour-desc\">Freja est tr\u00e8s intelligente, tr\u00e8s enthousiaste et pleine d&rsquo;\u00e9nergie. Elle vous fixera avec ses yeux bleus per\u00e7ants.<\/p>\n<\/div>\n<\/div>\n<\/div>\n<div class=\"col-md-3 col-sm-4 col-xs-6\">\n<div class=\"tour-single style3\">\n<figure><a href=\"https:\/\/www.huskyvoice.com\/wp-content\/uploads\/2021\/09\/husky-voice-dogs-15-lucky-1.jpg\" target=\"_blank\" rel=\"noopener\"><img loading=\"lazy\" decoding=\"async\" class=\"img-responsive wp-post-image\" src=\"https:\/\/www.huskyvoice.com\/wp-content\/uploads\/2021\/09\/husky-voice-dogs-thumbnail-15-lucky.jpg\" alt=\"\" width=\"720\" height=\"500\" \/><\/a><\/figure>\n<div class=\"tour-details\">\n<h3>Lucky<\/h3>\n<p class=\"tour-desc\">Lucky est une chienne timide qui a besoin d&rsquo;\u00eatre rassur\u00e9e, mais elle travaille tr\u00e8s dur.<\/p>\n<\/div>\n<\/div>\n<\/div>\n<div class=\"col-md-3 col-sm-4 col-xs-6\">\n<div class=\"tour-single style3\">\n<figure><a href=\"https:\/\/www.huskyvoice.com\/wp-content\/uploads\/2021\/09\/husky-voice-dogs-16-gimli-1.jpg\" target=\"_blank\" rel=\"noopener\"><img loading=\"lazy\" decoding=\"async\" class=\"img-responsive wp-post-image\" src=\"https:\/\/www.huskyvoice.com\/wp-content\/uploads\/2021\/09\/husky-voice-dogs-thumbnail-16-gimli.jpg\" alt=\"\" width=\"720\" height=\"500\" \/><\/a><\/figure>\n<div class=\"tour-details\">\n<h3>Gimli<\/h3>\n<p class=\"tour-desc\">Gimli est un doux g\u00e9ant : un grand chien \u00e0 la personnalit\u00e9 tr\u00e8s tendre qui adore jouer.<\/p>\n<\/div>\n<\/div>\n<\/div>\n<div class=\"col-md-3 col-sm-4 col-xs-6\">\n<div class=\"tour-single style3\">\n<figure><a href=\"https:\/\/www.huskyvoice.com\/wp-content\/uploads\/2021\/09\/husky-voice-dogs-16-gimli-1.jpg\" target=\"_blank\" rel=\"noopener\"><img loading=\"lazy\" decoding=\"async\" class=\"img-responsive wp-post-image\" src=\"https:\/\/www.huskyvoice.com\/wp-content\/uploads\/2025\/05\/Astrid-300x263.jpg\" alt=\"\" width=\"720\" height=\"500\" \/><\/a><\/figure>\n<div class=\"tour-details\">\n<h3>Astrid<\/h3>\n<p class=\"tour-desc\">Elle est la maman de six de nos chiens (Buddy, Woody, Buzz, Pumba, Elsa et Minnie).<\/p>\n<\/div>\n<\/div>\n<\/div>\n<div class=\"col-md-3 col-sm-4 col-xs-6\">\n<div class=\"tour-single style3\">\n<figure><a href=\"https:\/\/www.huskyvoice.com\/wp-content\/uploads\/2025\/05\/Buddy-232x300.jpg\" target=\"_blank\" rel=\"noopener\"><br \/>\n<img loading=\"lazy\" decoding=\"async\" class=\"img-responsive wp-post-image\" src=\"https:\/\/www.huskyvoice.com\/wp-content\/uploads\/2025\/05\/Buddy-232x300.jpg\" alt=\"Buddy\" width=\"720\" height=\"500\" \/><br \/>\n<\/a><\/figure>\n<div class=\"tour-details\">\n<h3>Buddy<\/h3>\n<p class=\"tour-desc\">Buddy d\u00e9borde d&rsquo;\u00e9nergie mais se calme lorsqu&rsquo;il re\u00e7oit un c\u00e2lin.<\/p>\n<\/div>\n<\/div>\n<\/div>\n<div class=\"col-md-3 col-sm-4 col-xs-6\">\n<div class=\"tour-single style3\">\n<figure><a href=\"https:\/\/www.huskyvoice.com\/wp-content\/uploads\/2025\/05\/Woody-300x290.jpg\" target=\"_blank\" rel=\"noopener\"><br \/>\n<img loading=\"lazy\" decoding=\"async\" class=\"img-responsive wp-post-image\" src=\"https:\/\/www.huskyvoice.com\/wp-content\/uploads\/2025\/05\/Woody-300x290.jpg\" alt=\"Woody\" width=\"720\" height=\"500\" \/><br \/>\n<\/a><\/figure>\n<div class=\"tour-details\">\n<h3>Woody<\/h3>\n<p class=\"tour-desc\">Woody aime s&rsquo;appuyer contre votre jambe pendant que vous le caressez.<\/p>\n<\/div>\n<\/div>\n<\/div>\n<p><!-- Pumba --><\/p>\n<div class=\"col-md-3 col-sm-4 col-xs-6\">\n<div class=\"tour-single style3\">\n<figure><a href=\"https:\/\/www.huskyvoice.com\/wp-content\/uploads\/2025\/05\/Pumba-224x300.jpg\" target=\"_blank\" rel=\"noopener\"><br \/>\n<img loading=\"lazy\" decoding=\"async\" class=\"img-responsive wp-post-image\" src=\"https:\/\/www.huskyvoice.com\/wp-content\/uploads\/2025\/05\/Pumba-224x300.jpg\" alt=\"Pumba\" width=\"720\" height=\"500\" \/><br \/>\n<\/a><\/figure>\n<div class=\"tour-details\">\n<h3>Pumba<\/h3>\n<p class=\"tour-desc\">Pumba est une \u00ab machine de travail \u00bb. Vous sentirez toute sa puissance dans votre attelage.<\/p>\n<\/div>\n<\/div>\n<\/div>\n<p><!-- Buzz --><\/p>\n<div class=\"col-md-3 col-sm-4 col-xs-6\">\n<div class=\"tour-single style3\">\n<figure><a href=\"https:\/\/www.huskyvoice.com\/wp-content\/uploads\/2025\/05\/Buzz-217x300.jpg\" target=\"_blank\" rel=\"noopener\"><br \/>\n<img loading=\"lazy\" decoding=\"async\" class=\"img-responsive wp-post-image\" src=\"https:\/\/www.huskyvoice.com\/wp-content\/uploads\/2025\/05\/Buzz-217x300.jpg\" alt=\"Buzz\" width=\"720\" height=\"500\" \/><br \/>\n<\/a><\/figure>\n<div class=\"tour-details\">\n<h3>Buzz<\/h3>\n<p class=\"tour-desc\">Buzz appr\u00e9cie les caresses au bas de son dos.<\/p>\n<\/div>\n<\/div>\n<\/div>\n<p><!-- Elsa --><\/p>\n<div class=\"col-md-3 col-sm-4 col-xs-6\">\n<div class=\"tour-single style3\">\n<figure><a href=\"https:\/\/www.huskyvoice.com\/wp-content\/uploads\/2025\/05\/Elsa-300x300-1.jpg\" target=\"_blank\" rel=\"noopener\"><br \/>\n<img loading=\"lazy\" decoding=\"async\" class=\"img-responsive wp-post-image\" src=\"https:\/\/www.huskyvoice.com\/wp-content\/uploads\/2025\/05\/Elsa-300x300-1.jpg\" alt=\"Elsa\" width=\"720\" height=\"500\" \/><br \/>\n<\/a><\/figure>\n<div class=\"tour-details\">\n<h3>Elsa<\/h3>\n<p class=\"tour-desc\">Elsa est une petite princesse pleine de personnalit\u00e9 ! Elle est en formation pour devenir chienne de t\u00eate.<\/p>\n<\/div>\n<\/div>\n<\/div>\n<p><!-- Minnie --><\/p>\n<div class=\"col-md-3 col-sm-4 col-xs-6\">\n<div class=\"tour-single style3\">\n<figure><a href=\"https:\/\/www.huskyvoice.com\/wp-content\/uploads\/2025\/05\/Minnie-289x300.jpg\" target=\"_blank\" rel=\"noopener\"><br \/>\n<img loading=\"lazy\" decoding=\"async\" class=\"img-responsive wp-post-image\" src=\"https:\/\/www.huskyvoice.com\/wp-content\/uploads\/2025\/05\/Minnie-289x300.jpg\" alt=\"Minnie\" width=\"720\" height=\"500\" \/><br \/>\n<\/a><\/figure>\n<div class=\"tour-details\">\n<h3>Minnie<\/h3>\n<p class=\"tour-desc\">Minnie est une petite chienne coriace, tr\u00e8s puissante malgr\u00e9 son petit gabarit.<\/p>\n<\/div>\n<\/div>\n<\/div>\n<p><!-- Frasse --><\/p>\n<div class=\"col-md-3 col-sm-4 col-xs-6\">\n<div class=\"tour-single style3\">\n<figure><a href=\"https:\/\/www.huskyvoice.com\/wp-content\/uploads\/2025\/05\/20250329_094353-225x300.jpg\" target=\"_blank\" rel=\"noopener\"><br \/>\n<img loading=\"lazy\" decoding=\"async\" class=\"img-responsive wp-post-image\" src=\"https:\/\/www.huskyvoice.com\/wp-content\/uploads\/2025\/05\/20250329_094353-225x300.jpg\" alt=\"Frasse\" width=\"720\" height=\"500\" \/><br \/>\n<\/a><\/figure>\n<div class=\"tour-details\">\n<h3>Frasse<\/h3>\n<p class=\"tour-desc\">Frasse est tr\u00e8s timide. Il nous a rejoints en novembre 2024.<\/p>\n<\/div>\n<\/div>\n<\/div>\n<p><!-- Max --><\/p>\n<div class=\"col-md-3 col-sm-4 col-xs-6\">\n<div class=\"tour-single style3\">\n<figure><a href=\"https:\/\/www.huskyvoice.com\/wp-content\/uploads\/2025\/05\/Max-300x264.jpg\" target=\"_blank\" rel=\"noopener\"><br \/>\n<img loading=\"lazy\" decoding=\"async\" class=\"img-responsive wp-post-image\" src=\"https:\/\/www.huskyvoice.com\/wp-content\/uploads\/2025\/05\/Max-300x264.jpg\" alt=\"Max\" width=\"720\" height=\"500\" \/><br \/>\n<\/a><\/figure>\n<div class=\"tour-details\">\n<h3>Max<\/h3>\n<p class=\"tour-desc\">Max vient d&rsquo;une lign\u00e9e de chiens de course ; ses anc\u00eatres ont couru l&rsquo;Iditarod !<\/p>\n<\/div>\n<\/div>\n<\/div>\n<p><!-- Ursa --><\/p>\n<div class=\"col-md-3 col-sm-4 col-xs-6\">\n<div class=\"tour-single style3\">\n<figure><a href=\"https:\/\/www.huskyvoice.com\/wp-content\/uploads\/2025\/05\/497178560_23903590175925280_4764544469208060009_n-225x300.jpg\" target=\"_blank\" rel=\"noopener\"><\/p>\n<p><\/a><\/figure>\n<\/div>\n<\/div>\n<\/div>\n<\/div>\n","protected":false},"excerpt":{"rendered":"<p>J&rsquo;ai un chenil de 18 huskies. Les chiens font partie de ma famille. Mes chiens \u00ab retrait\u00e9s \u00bb re\u00e7oivent autant de soins que mes chiens \u00ab travailleurs \u00bb et ont une place dans notre foyer jusqu&rsquo;\u00e0 la fin de leur vie. Nous ne sommes pas une ferme de huskys, nous sommes un foyer avec des<a class=\"post-read-more\" href=\"https:\/\/www.huskyvoice.com\/fr\/nos-huskies\/\">En savoir plus<\/a><\/p>\n","protected":false},"author":1,"featured_media":0,"parent":0,"menu_order":0,"comment_status":"closed","ping_status":"closed","template":"template-box-full.php","meta":{"footnotes":""},"class_list":["post-1075","page","type-page","status-publish","hentry"],"_links":{"self":[{"href":"https:\/\/www.huskyvoice.com\/fr\/wp-json\/wp\/v2\/pages\/1075","targetHints":{"allow":["GET"]}}],"collection":[{"href":"https:\/\/www.huskyvoice.com\/fr\/wp-json\/wp\/v2\/pages"}],"about":[{"href":"https:\/\/www.huskyvoice.com\/fr\/wp-json\/wp\/v2\/types\/page"}],"author":[{"embeddable":true,"href":"https:\/\/www.huskyvoice.com\/fr\/wp-json\/wp\/v2\/users\/1"}],"replies":[{"embeddable":true,"href":"https:\/\/www.huskyvoice.com\/fr\/wp-json\/wp\/v2\/comments?post=1075"}],"version-history":[{"count":6,"href":"https:\/\/www.huskyvoice.com\/fr\/wp-json\/wp\/v2\/pages\/1075\/revisions"}],"predecessor-version":[{"id":4538,"href":"https:\/\/www.huskyvoice.com\/fr\/wp-json\/wp\/v2\/pages\/1075\/revisions\/4538"}],"wp:attachment":[{"href":"https:\/\/www.huskyvoice.com\/fr\/wp-json\/wp\/v2\/media?parent=1075"}],"curies":[{"name":"wp","href":"https:\/\/api.w.org\/{rel}","templated":true}]}}