{"id":1182,"date":"2021-10-11T09:26:51","date_gmt":"2021-10-11T09:26:51","guid":{"rendered":"https:\/\/www.huskyvoice.com\/cookie-policy\/"},"modified":"2021-10-11T09:38:40","modified_gmt":"2021-10-11T09:38:40","slug":"cookie-policy","status":"publish","type":"page","link":"https:\/\/www.huskyvoice.com\/fr\/cookie-policy\/","title":{"rendered":"Politique d&rsquo;utilisation des cookies"},"content":{"rendered":"<div class=\"cli_pg_page_contaner\">\n<div>\n<h3>\u00c0 propos de cette politique d&rsquo;utilisation des cookies<\/h3>\n<div>La pr\u00e9sente politique d&rsquo;utilisation des cookies explique ce que sont les cookies et comment nous les utilisons, les types de cookies que nous utilisons, c&rsquo;est-\u00e0-dire les informations que nous recueillons \u00e0 l&rsquo;aide des cookies et comment ces informations sont utilis\u00e9es, et comment contr\u00f4ler les pr\u00e9f\u00e9rences en mati\u00e8re de cookies.<\/div>\n<div>Vous pouvez \u00e0 tout moment modifier ou retirer votre consentement de la D\u00e9claration sur les cookies sur notre site web.<\/div>\n<div>Votre consentement s&rsquo;applique aux domaines suivants : www.huskyvoice.com.<\/div>\n<div><div class=\"cli_user_consent_state\">Votre \u00e9tat actuel :  Pas de consentement donn\u00e9. <a class=\"cli_manage_current_consent\" style=\"cursor:pointer;text-decoration:underline;\">G\u00e9rer votre consentement<\/a> <\/div><\/div>\n<h3>Que sont les cookies ?<\/h3>\n<div>Les cookies sont de petits fichiers texte qui sont utilis\u00e9s pour stocker de petits \u00e9l\u00e9ments d&rsquo;information. Ils sont stock\u00e9s sur votre appareil lorsque le site web est charg\u00e9 sur votre navigateur. Ces cookies nous aident \u00e0 faire fonctionner le site web correctement, \u00e0 le rendre plus s\u00fbr, \u00e0 fournir une meilleure exp\u00e9rience utilisateur et \u00e0 comprendre comment le site web fonctionne et \u00e0 analyser ce qui fonctionne et ce qui doit \u00eatre am\u00e9lior\u00e9.<\/div>\n<h3>Comment utilisons-nous les cookies ?<\/h3>\n<div>Comme la plupart des services en ligne, notre site web utilise des cookies de premi\u00e8re partie et de tierce partie \u00e0 plusieurs fins. Les cookies de premi\u00e8re partie sont principalement n\u00e9cessaires pour que le site web fonctionne correctement, et ils ne collectent aucune de vos donn\u00e9es personnellement identifiables.<\/div>\n<div>Les cookies tiers utilis\u00e9s sur notre site web servent principalement \u00e0 comprendre comment le site web fonctionne, comment vous interagissez avec notre site web, \u00e0 assurer la s\u00e9curit\u00e9 de nos services, \u00e0 fournir des publicit\u00e9s qui vous sont pertinentes et, dans l&rsquo;ensemble, \u00e0 vous fournir une exp\u00e9rience utilisateur meilleure et am\u00e9lior\u00e9e et \u00e0 contribuer \u00e0 acc\u00e9l\u00e9rer vos interactions futures avec notre site web.<\/div>\n<h3>Quels types de cookies utilisons-nous ?<\/h3>\n<div>Essentiels : Certains cookies sont essentiels pour que vous puissiez b\u00e9n\u00e9ficier de toutes les fonctionnalit\u00e9s de notre site. Ils nous permettent de maintenir les sessions des utilisateurs et de pr\u00e9venir toute menace de s\u00e9curit\u00e9. Ils ne collectent ni ne stockent aucune information personnelle. Par exemple, ces cookies vous permettent de vous connecter \u00e0 votre compte et d&rsquo;ajouter des produits \u00e0 votre panier, et de passer \u00e0 la caisse en toute s\u00e9curit\u00e9.<\/div>\n<div>Statistiques : Ces cookies stockent des informations telles que le nombre de visiteurs du site web, le nombre de visiteurs uniques, les pages du site web qui ont \u00e9t\u00e9 visit\u00e9es, la source de la visite, etc. Ces donn\u00e9es nous aident \u00e0 comprendre et \u00e0 analyser les performances du site web et les points \u00e0 am\u00e9liorer.<\/div>\n<div>Fonctionnels : Ce sont les cookies qui aident certaines fonctionnalit\u00e9s non essentielles sur notre site web. Ces fonctionnalit\u00e9s comprennent l&rsquo;int\u00e9gration de contenus tels que des vid\u00e9os ou le partage de contenus du site web sur des plateformes de m\u00e9dias sociaux.<\/div>\n<div>Pr\u00e9f\u00e9rences : Ces cookies nous aident \u00e0 stocker vos param\u00e8tres et pr\u00e9f\u00e9rences de navigation, comme les pr\u00e9f\u00e9rences linguistiques, afin de vous offrir une exp\u00e9rience meilleure et efficace lors de vos prochaines visites sur le site web.<\/div>\n<div><p>La liste ci-dessous d\u00e9taille les cookies utilis\u00e9s sur notre site web.<\/p><table class=\"cookielawinfo-row-cat-table cookielawinfo-classic\"><thead><tr><th class=\"cookielawinfo-column-1\">Cookie<\/th><th class=\"cookielawinfo-column-4\">Description<\/th><\/tr><\/thead><tbody><tr class=\"cookielawinfo-row\"><td class=\"cookielawinfo-column-1\">__vt<\/td><td class=\"cookielawinfo-column-4\">Ce cookie est un autre cookie utilis\u00e9 par Tripadvisor sur le site.<\/td><\/tr><tr class=\"cookielawinfo-row\"><td class=\"cookielawinfo-column-1\">_ga<\/td><td class=\"cookielawinfo-column-4\">Le cookie _ga, install\u00e9 par Google Analytics, calcule les donn\u00e9es relatives aux visiteurs, aux sessions et aux campagnes et assure \u00e9galement le suivi de l'utilisation du site pour le rapport d'analyse du site. Le cookie stocke les informations de mani\u00e8re anonyme et attribue un num\u00e9ro g\u00e9n\u00e9r\u00e9 de mani\u00e8re al\u00e9atoire pour reconna\u00eetre les visiteurs uniques.<\/td><\/tr><tr class=\"cookielawinfo-row\"><td class=\"cookielawinfo-column-1\">_ga_3728B3HQ0J<\/td><td class=\"cookielawinfo-column-4\">Ce cookie est install\u00e9 par Google Analytics.<\/td><\/tr><tr class=\"cookielawinfo-row\"><td class=\"cookielawinfo-column-1\">_gat_gtag_UA_209930485_1<\/td><td class=\"cookielawinfo-column-4\">D\u00e9fini par Google pour distinguer les utilisateurs.<\/td><\/tr><tr class=\"cookielawinfo-row\"><td class=\"cookielawinfo-column-1\">_gid<\/td><td class=\"cookielawinfo-column-4\">Install\u00e9 par Google Analytics, le cookie _gid stocke des informations sur la fa\u00e7on dont les visiteurs utilisent un site Web, tout en cr\u00e9ant un rapport analytique des performances du site. Parmi les donn\u00e9es collect\u00e9es figurent le nombre de visiteurs, leur provenance et les pages qu'ils visitent, <strong>de mani\u00e8re anonyme<\/strong>.<\/td><\/tr><tr class=\"cookielawinfo-row\"><td class=\"cookielawinfo-column-1\">_icl_visitor_lang_js<\/td><td class=\"cookielawinfo-column-4\">Ce cookie est stock\u00e9 par le plugin WordPress WPML. L'objectif de ce cookie est de stocker la langue vers laquelle l'utilisateur est redirig\u00e9e.<\/td><\/tr><tr class=\"cookielawinfo-row\"><td class=\"cookielawinfo-column-1\">cookielawinfo-checkbox-analytics<\/td><td class=\"cookielawinfo-column-4\">Ce cookie est d\u00e9fini par le plugin de consentement aux cookies GDPR. Le cookie est utilis\u00e9 pour stocker le consentement de l'utilisateur pour les cookies de la cat\u00e9gorie \"Analytics\".<\/td><\/tr><tr class=\"cookielawinfo-row\"><td class=\"cookielawinfo-column-1\">cookielawinfo-checkbox-functional<\/td><td class=\"cookielawinfo-column-4\">Le cookie est d\u00e9fini par le consentement aux cookies GDPR pour enregistrer le consentement de l'utilisateur pour les cookies de la cat\u00e9gorie \"Fonctionnel\".<\/td><\/tr><tr class=\"cookielawinfo-row\"><td class=\"cookielawinfo-column-1\">cookielawinfo-checkbox-necessary<\/td><td class=\"cookielawinfo-column-4\">Ce cookie est d\u00e9fini par le plugin de consentement aux cookies du GDPR. Il est utilis\u00e9 pour stocker le consentement de l'utilisateur pour les cookies de la cat\u00e9gorie \"N\u00e9cessaire\".<\/td><\/tr><tr class=\"cookielawinfo-row\"><td class=\"cookielawinfo-column-1\">cookielawinfo-checkbox-others<\/td><td class=\"cookielawinfo-column-4\">Ce cookie est d\u00e9fini par le plugin de consentement aux cookies GDPR. Ce cookie est utilis\u00e9 pour stocker le consentement de l'utilisateur pour les cookies de la cat\u00e9gorie \" Autre \".<\/td><\/tr><tr class=\"cookielawinfo-row\"><td class=\"cookielawinfo-column-1\">cookielawinfo-checkbox-performance<\/td><td class=\"cookielawinfo-column-4\">Ce cookie est d\u00e9fini par le plugin de consentement aux cookies GDPR. Ce cookie est utilis\u00e9 pour stocker le consentement de l'utilisateur pour les cookies de la cat\u00e9gorie \"Performance\".<\/td><\/tr><tr class=\"cookielawinfo-row\"><td class=\"cookielawinfo-column-1\">TADCID<\/td><td class=\"cookielawinfo-column-4\">Le domaine de ce cookie est la propri\u00e9t\u00e9 de Tripadvisor. Le cookie stocke un identifiant unique pour l'utilisateur de Tripadvisor. Le cookie permet de visualiser le contenu int\u00e9gr\u00e9 de Tripadvisor.<\/td><\/tr><tr class=\"cookielawinfo-row\"><td class=\"cookielawinfo-column-1\">viewed_cookie_policy<\/td><td class=\"cookielawinfo-column-4\">Ce cookie est d\u00e9fini par le plugin GDPR Cookie Consent et est utilis\u00e9 pour stocker si l'utilisateur a consenti ou non \u00e0 l'utilisation de cookies. Il ne stocke pas de donn\u00e9es personnelles.<\/td><\/tr><tr class=\"cookielawinfo-row\"><td class=\"cookielawinfo-column-1\">wpml_browser_redirect_test<\/td><td class=\"cookielawinfo-column-4\">Ce cookie est d\u00e9fini par le plugin WordPress WPML et est utilis\u00e9 pour tester si les cookies sont activ\u00e9s sur le navigateur.<\/td><\/tr><\/tbody><\/table><\/div>\n<h3>Comment puis-je contr\u00f4ler les pr\u00e9f\u00e9rences d&rsquo;utilisation des cookies ?<\/h3>\n<div>Si vous d\u00e9cidez de modifier vos pr\u00e9f\u00e9rences plus tard au cours de votre session de navigation, vous pouvez cliquer sur le lien ci-dessous :<\/div>\n<div><div class=\"cli_user_consent_state\">Votre \u00e9tat actuel :  Pas de consentement donn\u00e9. <a class=\"cli_manage_current_consent\" style=\"cursor:pointer;text-decoration:underline;\">G\u00e9rer votre consentement<\/a> <\/div><\/div>\n<div>Cela affichera \u00e0 nouveau l&rsquo;avis de consentement vous permettant de modifier vos pr\u00e9f\u00e9rences ou de retirer enti\u00e8rement votre consentement.<\/div>\n<div>En outre, les diff\u00e9rents navigateurs offrent diff\u00e9rentes m\u00e9thodes pour bloquer et supprimer les cookies utilis\u00e9s par les sites web. Vous pouvez modifier les param\u00e8tres de votre navigateur pour bloquer\/supprimer les cookies. Pour en savoir plus sur la mani\u00e8re de g\u00e9rer et de supprimer les cookies, consultez le site wikipedia.org, www.allaboutcookies.org.<\/div>\n<\/div>\n<\/div>\n","protected":false},"excerpt":{"rendered":"<p>\u00c0 propos de cette politique d&rsquo;utilisation des cookies La pr\u00e9sente politique d&rsquo;utilisation des cookies explique ce que sont les cookies et comment nous les utilisons, les types de cookies que nous utilisons, c&rsquo;est-\u00e0-dire les informations que nous recueillons \u00e0 l&rsquo;aide des cookies et comment ces informations sont utilis\u00e9es, et comment contr\u00f4ler les pr\u00e9f\u00e9rences en mati\u00e8re<a class=\"post-read-more\" href=\"https:\/\/www.huskyvoice.com\/fr\/cookie-policy\/\">En savoir plus<\/a><\/p>\n","protected":false},"author":1,"featured_media":0,"parent":0,"menu_order":0,"comment_status":"closed","ping_status":"closed","template":"","meta":{"footnotes":""},"class_list":["post-1182","page","type-page","status-publish","hentry"],"_links":{"self":[{"href":"https:\/\/www.huskyvoice.com\/fr\/wp-json\/wp\/v2\/pages\/1182","targetHints":{"allow":["GET"]}}],"collection":[{"href":"https:\/\/www.huskyvoice.com\/fr\/wp-json\/wp\/v2\/pages"}],"about":[{"href":"https:\/\/www.huskyvoice.com\/fr\/wp-json\/wp\/v2\/types\/page"}],"author":[{"embeddable":true,"href":"https:\/\/www.huskyvoice.com\/fr\/wp-json\/wp\/v2\/users\/1"}],"replies":[{"embeddable":true,"href":"https:\/\/www.huskyvoice.com\/fr\/wp-json\/wp\/v2\/comments?post=1182"}],"version-history":[{"count":3,"href":"https:\/\/www.huskyvoice.com\/fr\/wp-json\/wp\/v2\/pages\/1182\/revisions"}],"predecessor-version":[{"id":1187,"href":"https:\/\/www.huskyvoice.com\/fr\/wp-json\/wp\/v2\/pages\/1182\/revisions\/1187"}],"wp:attachment":[{"href":"https:\/\/www.huskyvoice.com\/fr\/wp-json\/wp\/v2\/media?parent=1182"}],"curies":[{"name":"wp","href":"https:\/\/api.w.org\/{rel}","templated":true}]}}