{"id":958,"date":"2021-09-20T13:56:23","date_gmt":"2021-09-20T13:56:23","guid":{"rendered":"https:\/\/v2.huskyvoice.com\/about-husky-voice\/"},"modified":"2025-04-27T15:48:55","modified_gmt":"2025-04-27T15:48:55","slug":"a-propos","status":"publish","type":"page","link":"https:\/\/www.huskyvoice.com\/fr\/a-propos\/","title":{"rendered":"\u00c0 propos de Husky Voice"},"content":{"rendered":"<div class=\"about-husky-voice\">\n<p><img loading=\"lazy\" decoding=\"async\" class=\"alignleft size-medium wp-image-924 about-husky-voice-image about-husky-voice-desktop\" src=\"https:\/\/www.huskyvoice.com\/wp-content\/uploads\/2021\/09\/About-Husky-Voice-1-300x267.jpg\" alt=\"About Husky Voice\" width=\"300\" height=\"267\" srcset=\"https:\/\/www.huskyvoice.com\/wp-content\/uploads\/2021\/09\/About-Husky-Voice-1-300x267.jpg 300w, https:\/\/www.huskyvoice.com\/wp-content\/uploads\/2021\/09\/About-Husky-Voice-1-1024x913.jpg 1024w, https:\/\/www.huskyvoice.com\/wp-content\/uploads\/2021\/09\/About-Husky-Voice-1-768x684.jpg 768w, https:\/\/www.huskyvoice.com\/wp-content\/uploads\/2021\/09\/About-Husky-Voice-1-1536x1369.jpg 1536w, https:\/\/www.huskyvoice.com\/wp-content\/uploads\/2021\/09\/About-Husky-Voice-1-2048x1825.jpg 2048w, https:\/\/www.huskyvoice.com\/wp-content\/uploads\/2021\/09\/About-Husky-Voice-1-1200x1069.jpg 1200w\" sizes=\"auto, (max-width: 300px) 100vw, 300px\" \/><\/p>\n<h2 class=\"widgettitle\">Qui sommes-nous<\/h2>\n<p><strong>Husky Voice, petite entreprise familiale, propose des tours en chien de tra\u00eeneau depuis 2013 avec un maximum de 4 personnes par tour. Nous sommes situ\u00e9s en Laponie Su\u00e9doise, \u00e0 12 km de Kiruna et \u00e0 6 km de l\u2019h\u00f4tel de glace de Jukkasj\u00e4rvi.<\/strong><\/p>\n<p>Notre priorit\u00e9 est le bien-\u00eatre et le bonheur de nos huskies. Avec un maximum de 4 personnes par excursion, vous vivrez une experience unique.<\/p>\n<p>R\u00e9servez un tour avec nous pour un tour en chien de tra\u00eeneau avec une touche personnelle.<\/p>\n<p><a href=\"https:\/\/www.huskyvoice.com\/fr\/nous-contacter\/\">Contactez-nous<\/a><\/p>\n<p><img loading=\"lazy\" decoding=\"async\" class=\"alignleft size-medium wp-image-924 about-husky-voice-image about-husky-voice-mobile\" style=\"display: none;\" src=\"https:\/\/www.huskyvoice.com\/wp-content\/uploads\/2021\/09\/About-Husky-Voice-1-300x267.jpg\" alt=\"About Husky Voice\" width=\"300\" height=\"267\" srcset=\"https:\/\/www.huskyvoice.com\/wp-content\/uploads\/2021\/09\/About-Husky-Voice-1-300x267.jpg 300w, https:\/\/www.huskyvoice.com\/wp-content\/uploads\/2021\/09\/About-Husky-Voice-1-1024x913.jpg 1024w, https:\/\/www.huskyvoice.com\/wp-content\/uploads\/2021\/09\/About-Husky-Voice-1-768x684.jpg 768w, https:\/\/www.huskyvoice.com\/wp-content\/uploads\/2021\/09\/About-Husky-Voice-1-1536x1369.jpg 1536w, https:\/\/www.huskyvoice.com\/wp-content\/uploads\/2021\/09\/About-Husky-Voice-1-2048x1825.jpg 2048w, https:\/\/www.huskyvoice.com\/wp-content\/uploads\/2021\/09\/About-Husky-Voice-1-1200x1069.jpg 1200w\" sizes=\"auto, (max-width: 300px) 100vw, 300px\" \/><\/p>\n<div style=\"clear: both;\"><\/div>\n<p><img loading=\"lazy\" decoding=\"async\" class=\"alignright wp-image-937 size-medium about-husky-voice-image about-husky-voice-desktop\" src=\"https:\/\/www.huskyvoice.com\/wp-content\/uploads\/2021\/09\/About-Husky-Voice-Stephanie-300x275.jpg\" alt=\"About Husky Voice - St\u00e9phanie\" width=\"300\" height=\"275\" srcset=\"https:\/\/www.huskyvoice.com\/wp-content\/uploads\/2021\/09\/About-Husky-Voice-Stephanie-300x275.jpg 300w, https:\/\/www.huskyvoice.com\/wp-content\/uploads\/2021\/09\/About-Husky-Voice-Stephanie-1024x939.jpg 1024w, https:\/\/www.huskyvoice.com\/wp-content\/uploads\/2021\/09\/About-Husky-Voice-Stephanie-768x704.jpg 768w, https:\/\/www.huskyvoice.com\/wp-content\/uploads\/2021\/09\/About-Husky-Voice-Stephanie-1536x1408.jpg 1536w, https:\/\/www.huskyvoice.com\/wp-content\/uploads\/2021\/09\/About-Husky-Voice-Stephanie-2048x1877.jpg 2048w, https:\/\/www.huskyvoice.com\/wp-content\/uploads\/2021\/09\/About-Husky-Voice-Stephanie-1200x1100.jpg 1200w\" sizes=\"auto, (max-width: 300px) 100vw, 300px\" \/><\/p>\n<h2>St\u00e9phanie Peluchon &#8211; g\u00e9rante, guide<\/h2>\n<p>Originaire de Nantes (France), le parcours de St\u00e9phanie est une belle histoire o\u00f9 elle a r\u00e9ussi \u00e0 associer sa passion, sa vie personnelle et son travail.<\/p>\n<p>En 1998, St\u00e9phanie s\u2019installe \u00e0 Londres et travaille pendant dix ans dans l\u2019industrie du sous-titrage.<\/p>\n<p>En mars 2008, fascin\u00e9e par les huskies, elle fait un s\u00e9jour de chiens de tra\u00eeneau pr\u00e8s de Kiruna.<\/p>\n<p>En septembre 2008, St\u00e9phanie quitte Londres pour Kiruna pour devenir guide de chien de tra\u00eeneau.<br \/>\n<img loading=\"lazy\" decoding=\"async\" class=\"alignright wp-image-937 size-medium about-husky-voice-image about-husky-voice-mobile\" style=\"display: none;\" src=\"https:\/\/www.huskyvoice.com\/wp-content\/uploads\/2021\/09\/About-Husky-Voice-Stephanie-300x275.jpg\" alt=\"About Husky Voice - St\u00e9phanie\" width=\"300\" height=\"275\" srcset=\"https:\/\/www.huskyvoice.com\/wp-content\/uploads\/2021\/09\/About-Husky-Voice-Stephanie-300x275.jpg 300w, https:\/\/www.huskyvoice.com\/wp-content\/uploads\/2021\/09\/About-Husky-Voice-Stephanie-1024x939.jpg 1024w, https:\/\/www.huskyvoice.com\/wp-content\/uploads\/2021\/09\/About-Husky-Voice-Stephanie-768x704.jpg 768w, https:\/\/www.huskyvoice.com\/wp-content\/uploads\/2021\/09\/About-Husky-Voice-Stephanie-1536x1408.jpg 1536w, https:\/\/www.huskyvoice.com\/wp-content\/uploads\/2021\/09\/About-Husky-Voice-Stephanie-2048x1877.jpg 2048w, https:\/\/www.huskyvoice.com\/wp-content\/uploads\/2021\/09\/About-Husky-Voice-Stephanie-1200x1100.jpg 1200w\" sizes=\"auto, (max-width: 300px) 100vw, 300px\" \/><\/p>\n<h3><strong>L\u2019entreprise \u201cHusky Voice\u201d<\/strong><\/h3>\n<p>Ce qui nous distingue:<\/p>\n<ul>\n<li><strong>Le respect des animaux :<\/strong> le bien-\u00eatre et le bonheur de nos chiens nous sont chers (dans tous les sens du terme !!) \ud83d\ude42<\/li>\n<li><strong>Experience personnalis\u00e9e :<\/strong> Avec 4 personnes max par tour, vous recevrez une attention personnalis\u00e9e.<\/li>\n<li><strong>Apprentissage immersif :<\/strong> Vous d\u00e9couvrirez les comportements, les soins et l&rsquo;histoire des huskies en profitant de moments de qualit\u00e9 avec eux.<\/li>\n<li><strong>Connexion avec la nature :<\/strong> Nous vous emm\u00e8nerons au coeur de la nature, loin des pistes touristiques, plus pr\u00e8s de la faune locale.<\/li>\n<li><strong>Guide exp\u00e9riment\u00e9e :<\/strong> Stephanie sera votre guide. Elle a 17 ans d&rsquo;exp\u00e9rience comme guide de chien de tra\u00eeneau.<\/li>\n<\/ul>\n<p><a href=\"https:\/\/www.huskyvoice.com\/fr\/nous-contacter\/\">Contactez-nous<\/a> | <a href=\"https:\/\/www.huskyvoice.com\/fr\/tours\/\">Voir tous nos tours<\/a> | <a href=\"https:\/\/www.huskyvoice.com\/fr\/nos-huskies\/\">D\u00e9couvrez nos huskies<\/a><\/p>\n<\/div>\n","protected":false},"excerpt":{"rendered":"<p>Qui sommes-nous Husky Voice, petite entreprise familiale, propose des tours en chien de tra\u00eeneau depuis 2013 avec un maximum de 4 personnes par tour. Nous sommes situ\u00e9s en Laponie Su\u00e9doise, \u00e0 12 km de Kiruna et \u00e0 6 km de l\u2019h\u00f4tel de glace de Jukkasj\u00e4rvi. Notre priorit\u00e9 est le bien-\u00eatre et le bonheur de nos<a class=\"post-read-more\" href=\"https:\/\/www.huskyvoice.com\/fr\/a-propos\/\">En savoir plus<\/a><\/p>\n","protected":false},"author":1,"featured_media":0,"parent":0,"menu_order":0,"comment_status":"closed","ping_status":"closed","template":"template-box-full.php","meta":{"footnotes":""},"class_list":["post-958","page","type-page","status-publish","hentry"],"_links":{"self":[{"href":"https:\/\/www.huskyvoice.com\/fr\/wp-json\/wp\/v2\/pages\/958","targetHints":{"allow":["GET"]}}],"collection":[{"href":"https:\/\/www.huskyvoice.com\/fr\/wp-json\/wp\/v2\/pages"}],"about":[{"href":"https:\/\/www.huskyvoice.com\/fr\/wp-json\/wp\/v2\/types\/page"}],"author":[{"embeddable":true,"href":"https:\/\/www.huskyvoice.com\/fr\/wp-json\/wp\/v2\/users\/1"}],"replies":[{"embeddable":true,"href":"https:\/\/www.huskyvoice.com\/fr\/wp-json\/wp\/v2\/comments?post=958"}],"version-history":[{"count":5,"href":"https:\/\/www.huskyvoice.com\/fr\/wp-json\/wp\/v2\/pages\/958\/revisions"}],"predecessor-version":[{"id":4273,"href":"https:\/\/www.huskyvoice.com\/fr\/wp-json\/wp\/v2\/pages\/958\/revisions\/4273"}],"wp:attachment":[{"href":"https:\/\/www.huskyvoice.com\/fr\/wp-json\/wp\/v2\/media?parent=958"}],"curies":[{"name":"wp","href":"https:\/\/api.w.org\/{rel}","templated":true}]}}